{"id":2772,"date":"2016-02-10T16:46:26","date_gmt":"2016-02-10T16:46:26","guid":{"rendered":"http:\/\/www.kuba-ev.de\/?page_id=2772"},"modified":"2022-04-06T09:45:45","modified_gmt":"2022-04-06T07:45:45","slug":"naehbar","status":"publish","type":"page","link":"https:\/\/kuba-ev.de\/kuba2022\/naehbar\/","title":{"rendered":"N\u00e4hbar"},"content":{"rendered":"<style>\/*! elementor - v3.6.2 - 04-04-2022 *\/\n.elementor-widget-image{text-align:center}.elementor-widget-image a{display:inline-block}.elementor-widget-image a img[src$=\".svg\"]{width:48px}.elementor-widget-image img{vertical-align:middle;display:inline-block}<\/style>\n<p>\t\t\t\t\t\t\t\t\t\t\t\t<img decoding=\"async\" width=\"1600\" height=\"494\" src=\"https:\/\/kuba-ev.de\/kuba2022\/wp-content\/uploads\/2022\/04\/naehbar-banner-sw.jpg\" alt=\"\" loading=\"lazy\" srcset=\"https:\/\/kuba-ev.de\/kuba2022\/wp-content\/uploads\/2022\/04\/naehbar-banner-sw.jpg 1600w, https:\/\/kuba-ev.de\/kuba2022\/wp-content\/uploads\/2022\/04\/naehbar-banner-sw-300x93.jpg 300w, https:\/\/kuba-ev.de\/kuba2022\/wp-content\/uploads\/2022\/04\/naehbar-banner-sw-1024x316.jpg 1024w, https:\/\/kuba-ev.de\/kuba2022\/wp-content\/uploads\/2022\/04\/naehbar-banner-sw-768x237.jpg 768w, https:\/\/kuba-ev.de\/kuba2022\/wp-content\/uploads\/2022\/04\/naehbar-banner-sw-1536x474.jpg 1536w, https:\/\/kuba-ev.de\/kuba2022\/wp-content\/uploads\/2022\/04\/naehbar-banner-sw-650x201.jpg 650w\" sizes=\"auto, (max-width: 1600px) 100vw, 1600px\" \/>\t\t\t\t\t\t\t\t\t\t\t\t\t\t\t<\/p>\n<p>Montags \u00a09:30 &#8211; 12:00<br \/>Dienstags 19:30 &#8211; 22:00<br \/>Au\u00dfer in den Schulferien.<\/p>\n<p>\t\t\t\t\t\t\t\t\t\t\t\t\t\t\t<img decoding=\"async\" width=\"1600\" height=\"1067\" src=\"https:\/\/kuba-ev.de\/kuba2022\/wp-content\/uploads\/2022\/04\/naehbar-hitzacker.jpg\" alt=\"\" loading=\"lazy\" srcset=\"https:\/\/kuba-ev.de\/kuba2022\/wp-content\/uploads\/2022\/04\/naehbar-hitzacker.jpg 1600w, https:\/\/kuba-ev.de\/kuba2022\/wp-content\/uploads\/2022\/04\/naehbar-hitzacker-300x200.jpg 300w, https:\/\/kuba-ev.de\/kuba2022\/wp-content\/uploads\/2022\/04\/naehbar-hitzacker-1024x683.jpg 1024w, https:\/\/kuba-ev.de\/kuba2022\/wp-content\/uploads\/2022\/04\/naehbar-hitzacker-768x512.jpg 768w, https:\/\/kuba-ev.de\/kuba2022\/wp-content\/uploads\/2022\/04\/naehbar-hitzacker-1536x1024.jpg 1536w, https:\/\/kuba-ev.de\/kuba2022\/wp-content\/uploads\/2022\/04\/naehbar-hitzacker-450x300.jpg 450w\" sizes=\"auto, (max-width: 1600px) 100vw, 1600px\" \/>\t\t\t\t\t\t\t\t\t\t\t\t\t\t\t<\/p>\n<p>Ane: 05862 943 9594<br \/>Ingrid: 05862 985 7117<br \/>Marlen: 0152 210 814 73<\/p>\n<p><strong>Eine vorbereitete N\u00e4humgebung in der sofort losgelegt werden kann. <br \/><\/strong><strong>Wir bitten um eine\u00a0Spende von mindestens 3 \u20ac. Materialien nach Vereinbarung.<\/strong><\/p>\n<p>Die N\u00c4HBAR findet Ihr in der ersten Etage. Die N\u00c4HBAR ist eine freie Textilwerkstatt als Teil des gemeinn\u00fctzigen Vereins <strong><a href=\"https:\/\/kuba-ev.de\">Kulturbahnhof Hitzacker\u00a0 KuBa e.V.<\/a><\/strong> Im Kulturbahnhof haben wir einen voll ausgestatteten gro\u00dfen Raum mit viel Zuschnittplatz, Haushalts-, Industrie-\u00a0 und Overlockn\u00e4hmaschinen, zwei B\u00fcgelpl\u00e4tzen und Werkzeuge zum Schneiden, Messen,\u00a0 N\u00e4hen und Schnitte erarbeiten. Borten, B\u00e4nder, Rei\u00dfverschl\u00fcsse, gespendete Stoffe sowie eine Flickenkiste, B\u00fccher, Zeitschriften und Schnitte sind ebenfalls vorhanden.\u00a0<\/p>\n<p>\t\t\t\t\t\t\t\t\t\t\t\t\t\t\t<img decoding=\"async\" width=\"1200\" height=\"800\" src=\"https:\/\/kuba-ev.de\/kuba2022\/wp-content\/uploads\/2022\/04\/naehbar-garn.jpg\" alt=\"\" loading=\"lazy\" srcset=\"https:\/\/kuba-ev.de\/kuba2022\/wp-content\/uploads\/2022\/04\/naehbar-garn.jpg 1200w, https:\/\/kuba-ev.de\/kuba2022\/wp-content\/uploads\/2022\/04\/naehbar-garn-300x200.jpg 300w, https:\/\/kuba-ev.de\/kuba2022\/wp-content\/uploads\/2022\/04\/naehbar-garn-1024x683.jpg 1024w, https:\/\/kuba-ev.de\/kuba2022\/wp-content\/uploads\/2022\/04\/naehbar-garn-768x512.jpg 768w, https:\/\/kuba-ev.de\/kuba2022\/wp-content\/uploads\/2022\/04\/naehbar-garn-450x300.jpg 450w\" sizes=\"auto, (max-width: 1200px) 100vw, 1200px\" \/>\t\t\t\t\t\t\t\t\t\t\t\t\t\t\t<\/p>\n<style>\/*! elementor - v3.6.2 - 04-04-2022 *\/\n.elementor-heading-title{padding:0;margin:0;line-height:1}.elementor-widget-heading .elementor-heading-title[class*=elementor-size-]>a{color:inherit;font-size:inherit;line-height:inherit}.elementor-widget-heading .elementor-heading-title.elementor-size-small{font-size:15px}.elementor-widget-heading .elementor-heading-title.elementor-size-medium{font-size:19px}.elementor-widget-heading .elementor-heading-title.elementor-size-large{font-size:29px}.elementor-widget-heading .elementor-heading-title.elementor-size-xl{font-size:39px}.elementor-widget-heading .elementor-heading-title.elementor-size-xxl{font-size:59px}<\/style>\n<h2>Unsere Anliegen<\/h2>\n<p>Eine offene N\u00e4hwerkstatt ist uns eine Herzensangelegenheit. Jede von uns hat eigene Beweggr\u00fcnde sich f\u00fcr die N\u00c4HBAR zu engagieren und wir sind uns einig, dass die N\u00c4HBAR f\u00fcr uns ein Ort ist, um das Bewusstsein im Umgang mit Textilien zu f\u00f6rdern. Als Menschen haben wir drei existenzielle materielle Grundbed\u00fcrfnisse: Nahrung, Wohnung und Bekleidung. Unsere Kleidung hat einen gro\u00dfen Einfluss auf uns und die Umwelt. Der Baumwollanbau z.\u00a0B. macht einen gewaltigen Anteil der weltweiten Agraranbaufl\u00e4chen aus.<\/p>\n<p>Deshalb sind unsere Priorit\u00e4ten: Reparieren, Upcyclen, Lieblingskleidung retten oder reproduzieren, mit der Hand n\u00e4hen und veredeln, Plastikm\u00fcll vermeiden \u2014 im Sinne von Ressourcen schonen. Das ist N\u00c4HBAR und alle sind herzlich eingeladen ihren Teil mit einzubringen.<\/p>\n<p>Die N\u00c4HBAR ist f\u00fcr ALLE da: Jung + Alt, Profis + Laien, die gerne in Gesellschaft n\u00e4hen m\u00f6chten und\/oder Unterst\u00fctzung bei N\u00e4h- oder Handarbeitsprojekten w\u00fcnschen. Termine unter <a href=\"https:\/\/xn--nhbar-im-kuba-bfb.de\/termine\/\">offene N\u00e4hwerkstatt<\/a>. Wir bieten auch Kurse f\u00fcr Anf\u00e4nger und Fortgeschrittene zu speziellen Themen an.<\/p>\n<p>Die N\u00c4HBAR kann auch von Gruppen genutzt werden, die z.\u00a0B. gemeinsam stricken, n\u00e4hen, filzen, drucken etc. m\u00f6chten. Auch anderen Dozent:innen im textilen Zusammenhang steht die N\u00c4HBAR zur Verf\u00fcgung.\u00a0<\/p>\n<p><strong>Jeden Montag 9:30 &#8211; 12:00 und Dienstag 19:30 &#8211; 22:00<br \/><\/strong>Kommet zu Hauf!<\/p>\n<p><strong>Weitere Informationen, Anmeldungen erhaltet ihr von:<\/strong><\/p>\n<ul>\n<li>Ane: 05862 943 9594<\/li>\n<li>Ingrid: 05862 985 7117<\/li>\n<li>Marlen: 0152 210 814 73<\/li>\n<\/ul>\n<h2>\u00a0<\/h2>\n<style>\/*! elementor - v3.6.2 - 04-04-2022 *\/\n.e-container.e-container--row .elementor-spacer-inner{width:var(--spacer-size)}.e-container.e-container--column .elementor-spacer-inner,.elementor-column .elementor-spacer-inner{height:var(--spacer-size)}<\/style>\n","protected":false},"excerpt":{"rendered":"<p>Montags \u00a09:30 &#8211; 12:00Dienstags 19:30 &#8211; 22:00Au\u00dfer in den Schulferien. Ane: 05862 943 9594Ingrid: 05862 985 7117Marlen: 0152 210 814 73 Eine vorbereitete N\u00e4humgebung in der sofort losgelegt werden kann. Wir bitten um eine\u00a0Spende von mindestens 3 \u20ac. Materialien nach Vereinbarung. Die N\u00c4HBAR findet Ihr in der ersten Etage. Die N\u00c4HBAR ist eine freie Textilwerkstatt&hellip;&nbsp;<a href=\"https:\/\/kuba-ev.de\/kuba2022\/naehbar\/\" class=\"\" rel=\"bookmark\">Weiterlesen &raquo;<span class=\"screen-reader-text\">N\u00e4hbar<\/span><\/a><\/p>\n","protected":false},"author":12,"featured_media":0,"parent":0,"menu_order":0,"comment_status":"closed","ping_status":"closed","template":"elementor_header_footer","meta":{"neve_meta_sidebar":"","neve_meta_container":"","neve_meta_enable_content_width":"","neve_meta_content_width":0,"neve_meta_title_alignment":"","neve_meta_author_avatar":"","neve_post_elements_order":"","neve_meta_disable_header":"","neve_meta_disable_footer":"","neve_meta_disable_title":"","footnotes":""},"class_list":["post-2772","page","type-page","status-publish","hentry"],"acf":[],"_links":{"self":[{"href":"https:\/\/kuba-ev.de\/kuba2022\/wp-json\/wp\/v2\/pages\/2772","targetHints":{"allow":["GET"]}}],"collection":[{"href":"https:\/\/kuba-ev.de\/kuba2022\/wp-json\/wp\/v2\/pages"}],"about":[{"href":"https:\/\/kuba-ev.de\/kuba2022\/wp-json\/wp\/v2\/types\/page"}],"author":[{"embeddable":true,"href":"https:\/\/kuba-ev.de\/kuba2022\/wp-json\/wp\/v2\/users\/12"}],"replies":[{"embeddable":true,"href":"https:\/\/kuba-ev.de\/kuba2022\/wp-json\/wp\/v2\/comments?post=2772"}],"version-history":[{"count":175,"href":"https:\/\/kuba-ev.de\/kuba2022\/wp-json\/wp\/v2\/pages\/2772\/revisions"}],"predecessor-version":[{"id":6856,"href":"https:\/\/kuba-ev.de\/kuba2022\/wp-json\/wp\/v2\/pages\/2772\/revisions\/6856"}],"wp:attachment":[{"href":"https:\/\/kuba-ev.de\/kuba2022\/wp-json\/wp\/v2\/media?parent=2772"}],"curies":[{"name":"wp","href":"https:\/\/api.w.org\/{rel}","templated":true}]}}