{"id":2392,"date":"2015-04-05T15:01:39","date_gmt":"2015-04-05T15:01:39","guid":{"rendered":"http:\/\/kuba-ev.de\/?page_id=2392"},"modified":"2022-11-05T18:31:06","modified_gmt":"2022-11-05T17:31:06","slug":"impressum","status":"publish","type":"page","link":"https:\/\/kuba-ev.de\/kuba2022\/impressum\/","title":{"rendered":"Impressum"},"content":{"rendered":"<style>\/*! elementor - v3.5.5 - 03-02-2022 *\/<br \/>.elementor-heading-title{padding:0;margin:0;line-height:1}.elementor-widget-heading .elementor-heading-title[class*=elementor-size-]>a{color:inherit;font-size:inherit;line-height:inherit}.elementor-widget-heading .elementor-heading-title.elementor-size-small{font-size:15px}.elementor-widget-heading .elementor-heading-title.elementor-size-medium{font-size:19px}.elementor-widget-heading .elementor-heading-title.elementor-size-large{font-size:29px}.elementor-widget-heading .elementor-heading-title.elementor-size-xl{font-size:39px}.elementor-widget-heading .elementor-heading-title.elementor-size-xxl{font-size:59px}<\/style>\n<h4>Angaben gem\u00e4\u00df \u00a7\u00a05 TMG:<\/h4>\n<p>Kulturbahnhof Hitzacker KuBa e.\u00a0V.<br \/>\nAm Bahnhof 6<br \/>\n29456 Hitzacker<\/p>\n<p>Unser Konto bei der Sparkasse Uelzen L\u00fcchow Dannenberg:<\/p>\n<p>Kulturbahnhof Hitzacker \u2013 Kuba<\/p>\n<p>IBAN: DE17258501100230230716<br \/>\nBIC: NOLADE21UEL<\/p>\n<p><strong>Vertreten durch:<\/strong><\/p>\n<ul>\n<li>Birgitt Harms<\/li>\n<li><\/li>\n<li><\/li>\n<li>Hauke Stichling-Pehlke<\/li>\n<\/ul>\n<p><strong><br \/>\nKontakt:<\/strong><\/p>\n<p>kontakt@kuba-ev.de<\/p>\n<p><strong>Registereintrag:<\/strong><\/p>\n<p>Eintragung im Vereinsregister.<br \/>\nRegistergericht: Amtsgericht L\u00fcneburg<br \/>\nRegisternummer: 201099<\/p>\n<p><strong>Fotos:<\/strong><\/p>\n<ul>\n<li>KuBa e.\u00a0V.<\/li>\n<li>Wendlandarchiv<\/li>\n<\/ul>\n<p><strong><br \/>\nVerantwortlich f\u00fcr Inhalte:<\/strong><\/p>\n<p>KuBa e.\u00a0V.<\/p>\n<h4>Haftungsausschluss (Disclaimer)<\/h4>\n<p><strong>Haftung f\u00fcr Inhalte<\/strong><\/p>\n<p style=\"text-align: justify;\">Als Diensteanbieter sind wir gem\u00e4\u00df \u00a7\u00a07 Abs.1 TMG f\u00fcr eigene Inhalte auf diesen Seiten nach den allgemeinen Gesetzen verantwortlich. Nach \u00a7\u00a08 bis 10 TMG sind wir als Diensteanbieter jedoch nicht verpflichtet, \u00fcbermittelte oder gespeicherte fremde Informationen zu \u00fcberwachen oder nach Umst\u00e4nden zu forschen, die auf eine rechtswidrige T\u00e4tigkeit hinweisen. Verpflichtungen zur Entfernung oder Sperrung der Nutzung von Informationen nach den allgemeinen Gesetzen bleiben hiervon unber\u00fchrt. Eine diesbez\u00fcgliche Haftung ist jedoch erst ab dem Zeitpunkt der Kenntnis einer konkreten Rechtsverletzung m\u00f6glich. Bei Bekanntwerden von entsprechenden Rechtsverletzungen werden wir diese Inhalte umgehend entfernen.<\/p>\n<p><strong>Haftung f\u00fcr Links<\/strong><\/p>\n<p style=\"text-align: justify;\">Unser Angebot enth\u00e4lt Links zu externen Webseiten Dritter, auf deren Inhalte wir keinen Einfluss haben. Deshalb k\u00f6nnen wir f\u00fcr diese fremden Inhalte auch keine Gew\u00e4hr \u00fcbernehmen. F\u00fcr die Inhalte der verlinkten Seiten ist stets der jeweilige Anbieter oder Betreiber der Seiten verantwortlich. Die verlinkten Seiten wurden zum Zeitpunkt der Verlinkung auf m\u00f6gliche Rechtsverst\u00f6\u00dfe \u00fcberpr\u00fcft. Rechtswidrige Inhalte waren zum Zeitpunkt der Verlinkung nicht erkennbar. Eine permanente inhaltliche Kontrolle der verlinkten Seiten ist jedoch ohne konkrete Anhaltspunkte einer Rechtsverletzung nicht zumutbar. Bei Bekanntwerden von Rechtsverletzungen werden wir derartige Links umgehend entfernen.<\/p>\n<p><strong>Urheberrecht<\/strong><\/p>\n<p style=\"text-align: justify;\">Die durch die Seitenbetreiber erstellten Inhalte und Werke auf diesen Seiten unterliegen dem deutschen Urheberrecht. Die Vervielf\u00e4ltigung, Bearbeitung, Verbreitung und jede Art der Verwertung au\u00dferhalb der Grenzen des Urheberrechtes bed\u00fcrfen der schriftlichen Zustimmung des jeweiligen Autors bzw. Erstellers. Downloads und Kopien dieser Seite sind nur f\u00fcr den privaten, nicht kommerziellen Gebrauch gestattet. Soweit die Inhalte auf dieser Seite nicht vom Betreiber erstellt wurden, werden die Urheberrechte Dritter beachtet. Insbesondere werden Inhalte Dritter als solche gekennzeichnet. Sollten Sie trotzdem auf eine Urheberrechtsverletzung aufmerksam werden, bitten wir um einen entsprechenden Hinweis. Bei Bekanntwerden von Rechtsverletzungen werden wir derartige Inhalte umgehend entfernen.<\/p>\n<p>Quellenangaben: Disclaimer eRecht24, eRecht24 Disclaimer<\/p>\n","protected":false},"excerpt":{"rendered":"<p>Angaben gem\u00e4\u00df \u00a7\u00a05 TMG: Kulturbahnhof Hitzacker KuBa e.\u00a0V. Am Bahnhof 6 29456 Hitzacker Unser Konto bei der Sparkasse Uelzen L\u00fcchow Dannenberg: Kulturbahnhof Hitzacker \u2013 Kuba IBAN: DE17258501100230230716 BIC: NOLADE21UEL Vertreten durch: Birgitt Harms Hauke Stichling-Pehlke Kontakt: kontakt@kuba-ev.de Registereintrag: Eintragung im Vereinsregister. Registergericht: Amtsgericht L\u00fcneburg Registernummer: 201099 Fotos: KuBa e.\u00a0V. Wendlandarchiv Verantwortlich f\u00fcr Inhalte: KuBa e.\u00a0V.&hellip;&nbsp;<a href=\"https:\/\/kuba-ev.de\/kuba2022\/impressum\/\" class=\"\" rel=\"bookmark\">Weiterlesen &raquo;<span class=\"screen-reader-text\">Impressum<\/span><\/a><\/p>\n","protected":false},"author":12,"featured_media":0,"parent":0,"menu_order":0,"comment_status":"closed","ping_status":"closed","template":"","meta":{"neve_meta_sidebar":"","neve_meta_container":"","neve_meta_enable_content_width":"","neve_meta_content_width":0,"neve_meta_title_alignment":"","neve_meta_author_avatar":"","neve_post_elements_order":"","neve_meta_disable_header":"","neve_meta_disable_footer":"","neve_meta_disable_title":"","footnotes":""},"class_list":["post-2392","page","type-page","status-publish","hentry"],"acf":[],"_links":{"self":[{"href":"https:\/\/kuba-ev.de\/kuba2022\/wp-json\/wp\/v2\/pages\/2392","targetHints":{"allow":["GET"]}}],"collection":[{"href":"https:\/\/kuba-ev.de\/kuba2022\/wp-json\/wp\/v2\/pages"}],"about":[{"href":"https:\/\/kuba-ev.de\/kuba2022\/wp-json\/wp\/v2\/types\/page"}],"author":[{"embeddable":true,"href":"https:\/\/kuba-ev.de\/kuba2022\/wp-json\/wp\/v2\/users\/12"}],"replies":[{"embeddable":true,"href":"https:\/\/kuba-ev.de\/kuba2022\/wp-json\/wp\/v2\/comments?post=2392"}],"version-history":[{"count":36,"href":"https:\/\/kuba-ev.de\/kuba2022\/wp-json\/wp\/v2\/pages\/2392\/revisions"}],"predecessor-version":[{"id":7764,"href":"https:\/\/kuba-ev.de\/kuba2022\/wp-json\/wp\/v2\/pages\/2392\/revisions\/7764"}],"wp:attachment":[{"href":"https:\/\/kuba-ev.de\/kuba2022\/wp-json\/wp\/v2\/media?parent=2392"}],"curies":[{"name":"wp","href":"https:\/\/api.w.org\/{rel}","templated":true}]}}